{"id":1783,"date":"2021-05-20T13:23:28","date_gmt":"2021-05-20T11:23:28","guid":{"rendered":"https:\/\/cocinasmetodo.es\/politica-de-privacidad\/"},"modified":"2021-11-05T13:57:20","modified_gmt":"2021-11-05T12:57:20","slug":"politique-de-confidentialite","status":"publish","type":"page","link":"https:\/\/cocinasmetodo.es\/fr\/politique-de-confidentialite\/","title":{"rendered":"POLITIQUE DE CONFIDENTIALIT\u00c9"},"content":{"rendered":"<div class=\"itemHeader\">\n<h2>POLITIQUE DE CONFIDENTIALIT\u00c9<\/h2>\n<p>L&rsquo;utilisation de ce site est soumise aux r\u00e8gles et conditions d&rsquo;utilisation. Cette derni\u00e8re \u00e9tant mise \u00e0 jour r\u00e9guli\u00e8rement, vous \u00eates invit\u00e9 \u00e0 visiter cette page de temps \u00e0 autre \u00e0 chaque connexion au site. Si vous avez des questions, veuillez cocinasmetodo@cocinasmetodo.es<\/p>\n<p>Vous \u00eates conscient que tout ce que vous voyez ou lisez sur ce site est prot\u00e9g\u00e9 par le droit de la propri\u00e9t\u00e9 intellectuelle.<\/p>\n<h2>Th\u00e8me<\/h2>\n<p>En ce moment vous \u00eates connect\u00e9 au site officiel COCINAS M\u00c9TODO avec CIF A42172205.<\/p>\n<h2>Contact<\/h2>\n<p>Pol. Industrial Emiliano Revilla, lvega, Soria E-42110 (ESPAGNE)<\/p>\n<h2>Propri\u00e9t\u00e9 intellectuelle<\/h2>\n<p>L&rsquo;acc\u00e8s \u00e0 notre site vous conf\u00e8re un droit d&rsquo;usage priv\u00e9 et non exclusif de ce site. Sauf indication contraire (document source autre que \u00ab\u00a0Kitchens Method\u00a0\u00bb) COCINAS METHOD d\u00e9tient les droits d&rsquo;auteur sur toutes les \u0153uvres du site, y compris les textes, images, logos et droits sur les documents t\u00e9l\u00e9chargeables.<\/p>\n<p>Tous les \u00e9l\u00e9ments publi\u00e9s sur ce site, notamment les textes, photographies, graphismes, logos, marques\u2026 constituent des \u0153uvres au sens du Code de la propri\u00e9t\u00e9 intellectuelle. En cons\u00e9quence, toute repr\u00e9sentation ou reproduction, totale ou partielle, qui pourrait \u00eatre faite sans le consentement des auteurs ou de leurs ayants droit, est illicite.<\/p>\n<h2>A partir des informations contenues sur le site<\/h2>\n<p>Les informations figurant sur ce site sont donn\u00e9es \u00e0 titre indicatif et ni leur contenu ni leur exactitude ne peuvent \u00eatre garantis. Ces informations ne sont pas contractuelles de Method Kitchens.<\/p>\n<p>Cocinas Method d\u00e9cline toute responsabilit\u00e9 quant aux d\u00e9cisions qui pourraient \u00eatre prises sur la base de ces informations.<\/p>\n<p>Le contenu est sujet \u00e0 changement sans pr\u00e9avis.<\/p>\n<h2>Dysfonctionnement et virus<\/h2>\n<p>Cocinas Method n&rsquo;est pas responsable des dommages directs ou indirects, des pertes ou des d\u00e9penses d\u00e9coulant de l&rsquo;utilisation de ce site Web, ou de l&rsquo;impossibilit\u00e9 d&rsquo;utiliser un tiers, ou d&rsquo;un dysfonctionnement d&rsquo;interruptions, de virus ou d&rsquo;un probl\u00e8me avec la ligne ou le syst\u00e8me.<\/p>\n<h2>Informations personnelles<\/h2>\n<p>Afin de vous proposer des services personnalis\u00e9s, nous pouvons \u00eatre amen\u00e9s \u00e0 vous demander de fournir des donn\u00e9es personnelles. M\u00e9thode Cocinas s&rsquo;engage \u00e0 respecter votre vie priv\u00e9e et \u00e0 prot\u00e9ger les informations que vous fournissez. En particulier, les informations personnelles recueillies sur ce site sont destin\u00e9es \u00e0 l&rsquo;usage de Method Kitchens Elles sont confidentielles et trait\u00e9es comme telles. Ils ne seront pas c\u00e9d\u00e9s \u00e0 des tiers.<\/p>\n<p>En vertu de la loi Informatique et Libert\u00e9s du 6 janvier 1978, modifi\u00e9e par la loi du 6 ao\u00fbt 2004, vous disposez d&rsquo;un droit d&rsquo;acc\u00e8s, de rectification, de modification et de suppression des donn\u00e9es personnelles que vous nous fournissez. Vous pouvez exercer ce droit en envoyant un e-mail \u00e0 M\u00e9thode Cocinas.<\/p>\n<h2>Utiliser les informations statistiques li\u00e9es \u00e0 la navigation<\/h2>\n<p>Lors de l&rsquo;acc\u00e8s \u00e0 www.cocinasmetodo.es, les serveurs consult\u00e9s collectent automatiquement les donn\u00e9es suivantes :<\/p>\n<p>L&rsquo;adresse IP qui vous est attribu\u00e9e lorsque vous vous connectez<br \/>\nla date et l&rsquo;heure d&rsquo;acc\u00e8s \u00e0 notre site Web<br \/>\npages visit\u00e9es<br \/>\nle type de navigateur utilis\u00e9<br \/>\nplate-forme et\/ou syst\u00e8me d&rsquo;exploitation install\u00e9 sur le PC<br \/>\nLe moteur de recherche et les mots-cl\u00e9s utilis\u00e9s pour trouver le site<\/p>\n<p>Ces informations sont conserv\u00e9es uniquement dans le but de mesurer le nombre de visiteurs des diff\u00e9rentes rubriques du site et d&rsquo;y apporter des am\u00e9liorations.<\/p>\n<h2>Liens hypertextes\u00a0: responsabilit\u00e9<\/h2>\n<p>Les liens hypertextes pr\u00e9sents sur le site en direction des utilisateurs d&rsquo;autres sites Internet n&rsquo;engagent pas la responsabilit\u00e9 de M\u00e9thode Cocinas quant au contenu de ces sites.<\/p>\n<p>Toute personne ou entit\u00e9 souhaitant \u00e9tablir un lien (l&rsquo;adresse Web) vers notre site doit au pr\u00e9alable en obtenir l&rsquo;autorisation. Faire un lien vers notre site ne n\u00e9cessite pas d&rsquo;autorisation mais simplement d&rsquo;information.<\/p>\n<p>Cuisines M\u00e9thode d\u00e9gage toute responsabilit\u00e9 dans ce cas.<\/p>\n<\/div>\n","protected":false},"excerpt":{"rendered":"<p>POLITIQUE DE CONFIDENTIALIT\u00c9 L&rsquo;utilisation de ce site est soumise aux r\u00e8gles et conditions d&rsquo;utilisation. Cette derni\u00e8re \u00e9tant mise \u00e0 jour r\u00e9guli\u00e8rement, vous \u00eates invit\u00e9 \u00e0 visiter cette page de temps \u00e0 autre \u00e0 chaque connexion au site. Si vous avez des questions, veuillez cocinasmetodo@cocinasmetodo.es Vous \u00eates conscient que tout ce que vous voyez ou lisez [&hellip;]<\/p>\n","protected":false},"author":1,"featured_media":0,"parent":0,"menu_order":0,"comment_status":"closed","ping_status":"closed","template":"","meta":{"footnotes":""},"categorias_paginas":[],"class_list":["post-1783","page","type-page","status-publish","hentry"],"yoast_head":"<!-- This site is optimized with the Yoast SEO plugin v27.2 - https:\/\/yoast.com\/product\/yoast-seo-wordpress\/ -->\n<title>POLITIQUE DE CONFIDENTIALIT\u00c9 - m\u00e9todo<\/title>\n<meta name=\"robots\" content=\"index, follow, max-snippet:-1, max-image-preview:large, max-video-preview:-1\" \/>\n<link rel=\"canonical\" href=\"https:\/\/cocinasmetodo.es\/fr\/politique-de-confidentialite\/\" \/>\n<meta property=\"og:locale\" content=\"fr_FR\" \/>\n<meta property=\"og:type\" content=\"article\" \/>\n<meta property=\"og:title\" content=\"POLITIQUE DE CONFIDENTIALIT\u00c9 - m\u00e9todo\" \/>\n<meta property=\"og:description\" content=\"POLITIQUE DE CONFIDENTIALIT\u00c9 L&rsquo;utilisation de ce site est soumise aux r\u00e8gles et conditions d&rsquo;utilisation. Cette derni\u00e8re \u00e9tant mise \u00e0 jour r\u00e9guli\u00e8rement, vous \u00eates invit\u00e9 \u00e0 visiter cette page de temps \u00e0 autre \u00e0 chaque connexion au site. Si vous avez des questions, veuillez cocinasmetodo@cocinasmetodo.es Vous \u00eates conscient que tout ce que vous voyez ou lisez [&hellip;]\" \/>\n<meta property=\"og:url\" content=\"https:\/\/cocinasmetodo.es\/fr\/politique-de-confidentialite\/\" \/>\n<meta property=\"og:site_name\" content=\"m\u00e9todo\" \/>\n<meta property=\"article:modified_time\" content=\"2021-11-05T12:57:20+00:00\" \/>\n<meta name=\"twitter:card\" content=\"summary_large_image\" \/>\n<meta name=\"twitter:label1\" content=\"Dur\u00e9e de lecture estim\u00e9e\" \/>\n\t<meta name=\"twitter:data1\" content=\"3 minutes\" \/>\n<script type=\"application\/ld+json\" class=\"yoast-schema-graph\">{\"@context\":\"https:\/\/schema.org\",\"@graph\":[{\"@type\":\"WebPage\",\"@id\":\"https:\/\/cocinasmetodo.es\/fr\/politique-de-confidentialite\/\",\"url\":\"https:\/\/cocinasmetodo.es\/fr\/politique-de-confidentialite\/\",\"name\":\"POLITIQUE DE CONFIDENTIALIT\u00c9 - m\u00e9todo\",\"isPartOf\":{\"@id\":\"https:\/\/cocinasmetodo.es\/#website\"},\"datePublished\":\"2021-05-20T11:23:28+00:00\",\"dateModified\":\"2021-11-05T12:57:20+00:00\",\"breadcrumb\":{\"@id\":\"https:\/\/cocinasmetodo.es\/fr\/politique-de-confidentialite\/#breadcrumb\"},\"inLanguage\":\"fr-FR\",\"potentialAction\":[{\"@type\":\"ReadAction\",\"target\":[\"https:\/\/cocinasmetodo.es\/fr\/politique-de-confidentialite\/\"]}]},{\"@type\":\"BreadcrumbList\",\"@id\":\"https:\/\/cocinasmetodo.es\/fr\/politique-de-confidentialite\/#breadcrumb\",\"itemListElement\":[{\"@type\":\"ListItem\",\"position\":1,\"name\":\"Portada\",\"item\":\"https:\/\/cocinasmetodo.es\/fr\/\"},{\"@type\":\"ListItem\",\"position\":2,\"name\":\"POLITIQUE DE CONFIDENTIALIT\u00c9\"}]},{\"@type\":\"WebSite\",\"@id\":\"https:\/\/cocinasmetodo.es\/#website\",\"url\":\"https:\/\/cocinasmetodo.es\/\",\"name\":\"m\u00e9todo\",\"description\":\"Daily Kitchens\",\"publisher\":{\"@id\":\"https:\/\/cocinasmetodo.es\/#organization\"},\"potentialAction\":[{\"@type\":\"SearchAction\",\"target\":{\"@type\":\"EntryPoint\",\"urlTemplate\":\"https:\/\/cocinasmetodo.es\/?s={search_term_string}\"},\"query-input\":{\"@type\":\"PropertyValueSpecification\",\"valueRequired\":true,\"valueName\":\"search_term_string\"}}],\"inLanguage\":\"fr-FR\"},{\"@type\":\"Organization\",\"@id\":\"https:\/\/cocinasmetodo.es\/#organization\",\"name\":\"m\u00e9todo\",\"url\":\"https:\/\/cocinasmetodo.es\/\",\"logo\":{\"@type\":\"ImageObject\",\"inLanguage\":\"fr-FR\",\"@id\":\"https:\/\/cocinasmetodo.es\/#\/schema\/logo\/image\/\",\"url\":\"https:\/\/cocinasmetodo.es\/wp-content\/uploads\/2021\/05\/logoweb.png\",\"contentUrl\":\"https:\/\/cocinasmetodo.es\/wp-content\/uploads\/2021\/05\/logoweb.png\",\"width\":1000,\"height\":528,\"caption\":\"m\u00e9todo\"},\"image\":{\"@id\":\"https:\/\/cocinasmetodo.es\/#\/schema\/logo\/image\/\"}}]}<\/script>\n<!-- \/ Yoast SEO plugin. -->","yoast_head_json":{"title":"POLITIQUE DE CONFIDENTIALIT\u00c9 - m\u00e9todo","robots":{"index":"index","follow":"follow","max-snippet":"max-snippet:-1","max-image-preview":"max-image-preview:large","max-video-preview":"max-video-preview:-1"},"canonical":"https:\/\/cocinasmetodo.es\/fr\/politique-de-confidentialite\/","og_locale":"fr_FR","og_type":"article","og_title":"POLITIQUE DE CONFIDENTIALIT\u00c9 - m\u00e9todo","og_description":"POLITIQUE DE CONFIDENTIALIT\u00c9 L&rsquo;utilisation de ce site est soumise aux r\u00e8gles et conditions d&rsquo;utilisation. Cette derni\u00e8re \u00e9tant mise \u00e0 jour r\u00e9guli\u00e8rement, vous \u00eates invit\u00e9 \u00e0 visiter cette page de temps \u00e0 autre \u00e0 chaque connexion au site. Si vous avez des questions, veuillez cocinasmetodo@cocinasmetodo.es Vous \u00eates conscient que tout ce que vous voyez ou lisez [&hellip;]","og_url":"https:\/\/cocinasmetodo.es\/fr\/politique-de-confidentialite\/","og_site_name":"m\u00e9todo","article_modified_time":"2021-11-05T12:57:20+00:00","twitter_card":"summary_large_image","twitter_misc":{"Dur\u00e9e de lecture estim\u00e9e":"3 minutes"},"schema":{"@context":"https:\/\/schema.org","@graph":[{"@type":"WebPage","@id":"https:\/\/cocinasmetodo.es\/fr\/politique-de-confidentialite\/","url":"https:\/\/cocinasmetodo.es\/fr\/politique-de-confidentialite\/","name":"POLITIQUE DE CONFIDENTIALIT\u00c9 - m\u00e9todo","isPartOf":{"@id":"https:\/\/cocinasmetodo.es\/#website"},"datePublished":"2021-05-20T11:23:28+00:00","dateModified":"2021-11-05T12:57:20+00:00","breadcrumb":{"@id":"https:\/\/cocinasmetodo.es\/fr\/politique-de-confidentialite\/#breadcrumb"},"inLanguage":"fr-FR","potentialAction":[{"@type":"ReadAction","target":["https:\/\/cocinasmetodo.es\/fr\/politique-de-confidentialite\/"]}]},{"@type":"BreadcrumbList","@id":"https:\/\/cocinasmetodo.es\/fr\/politique-de-confidentialite\/#breadcrumb","itemListElement":[{"@type":"ListItem","position":1,"name":"Portada","item":"https:\/\/cocinasmetodo.es\/fr\/"},{"@type":"ListItem","position":2,"name":"POLITIQUE DE CONFIDENTIALIT\u00c9"}]},{"@type":"WebSite","@id":"https:\/\/cocinasmetodo.es\/#website","url":"https:\/\/cocinasmetodo.es\/","name":"m\u00e9todo","description":"Daily Kitchens","publisher":{"@id":"https:\/\/cocinasmetodo.es\/#organization"},"potentialAction":[{"@type":"SearchAction","target":{"@type":"EntryPoint","urlTemplate":"https:\/\/cocinasmetodo.es\/?s={search_term_string}"},"query-input":{"@type":"PropertyValueSpecification","valueRequired":true,"valueName":"search_term_string"}}],"inLanguage":"fr-FR"},{"@type":"Organization","@id":"https:\/\/cocinasmetodo.es\/#organization","name":"m\u00e9todo","url":"https:\/\/cocinasmetodo.es\/","logo":{"@type":"ImageObject","inLanguage":"fr-FR","@id":"https:\/\/cocinasmetodo.es\/#\/schema\/logo\/image\/","url":"https:\/\/cocinasmetodo.es\/wp-content\/uploads\/2021\/05\/logoweb.png","contentUrl":"https:\/\/cocinasmetodo.es\/wp-content\/uploads\/2021\/05\/logoweb.png","width":1000,"height":528,"caption":"m\u00e9todo"},"image":{"@id":"https:\/\/cocinasmetodo.es\/#\/schema\/logo\/image\/"}}]}},"_links":{"self":[{"href":"https:\/\/cocinasmetodo.es\/fr\/wp-json\/wp\/v2\/pages\/1783","targetHints":{"allow":["GET"]}}],"collection":[{"href":"https:\/\/cocinasmetodo.es\/fr\/wp-json\/wp\/v2\/pages"}],"about":[{"href":"https:\/\/cocinasmetodo.es\/fr\/wp-json\/wp\/v2\/types\/page"}],"author":[{"embeddable":true,"href":"https:\/\/cocinasmetodo.es\/fr\/wp-json\/wp\/v2\/users\/1"}],"replies":[{"embeddable":true,"href":"https:\/\/cocinasmetodo.es\/fr\/wp-json\/wp\/v2\/comments?post=1783"}],"version-history":[{"count":2,"href":"https:\/\/cocinasmetodo.es\/fr\/wp-json\/wp\/v2\/pages\/1783\/revisions"}],"predecessor-version":[{"id":1798,"href":"https:\/\/cocinasmetodo.es\/fr\/wp-json\/wp\/v2\/pages\/1783\/revisions\/1798"}],"wp:attachment":[{"href":"https:\/\/cocinasmetodo.es\/fr\/wp-json\/wp\/v2\/media?parent=1783"}],"wp:term":[{"taxonomy":"categorias_paginas","embeddable":true,"href":"https:\/\/cocinasmetodo.es\/fr\/wp-json\/wp\/v2\/categorias_paginas?post=1783"}],"curies":[{"name":"wp","href":"https:\/\/api.w.org\/{rel}","templated":true}]}}