{"id":1770,"date":"2021-05-20T13:28:14","date_gmt":"2021-05-20T11:28:14","guid":{"rendered":"https:\/\/cocinasmetodo.es\/politica-de-cookies\/"},"modified":"2021-11-05T13:50:45","modified_gmt":"2021-11-05T12:50:45","slug":"politique-de-cookies","status":"publish","type":"page","link":"https:\/\/cocinasmetodo.es\/fr\/politique-de-cookies\/","title":{"rendered":"POLITIQUE DE COOKIES"},"content":{"rendered":"\r\n<p>Ce site Web utilise ses propres \u00ab\u00a0cookies\u00a0\u00bb et ceux de tiers pour vous offrir une meilleure exp\u00e9rience et un meilleur service. En naviguant ou en utilisant nos services, l&rsquo;utilisateur accepte notre utilisation des \u00ab cookies \u00bb. Cependant, l&rsquo;utilisateur a la possibilit\u00e9 d&#8217;emp\u00eacher la g\u00e9n\u00e9ration de \u00ab cookies \u00bb et leur \u00e9limination en s\u00e9lectionnant l&rsquo;option correspondante dans son navigateur. Si vous bloquez l&rsquo;utilisation de \u00ab cookies \u00bb dans votre navigateur, certains services ou fonctionnalit\u00e9s du site Web peuvent ne pas \u00eatre disponibles.<\/p>\r\n<p>Qu&rsquo;est-ce qu&rsquo;un \u00ab\u00a0cookie\u00a0\u00bb\u00a0?<\/p>\r\n<p>Un \u00ab\u00a0cookie\u00a0\u00bb est un petit morceau de texte que les sites Web envoient au navigateur et qui sont stock\u00e9s dans le terminal de l&rsquo;utilisateur, qui peut \u00eatre un ordinateur personnel, un t\u00e9l\u00e9phone portable, une tablette, etc. Ces fichiers permettent au site Web de m\u00e9moriser des informations sur votre visite, telles que votre langue pr\u00e9f\u00e9r\u00e9e et vos options, ce qui peut faciliter votre prochaine visite et rendre le site plus utile en personnalisant son contenu. Les \u00ab\u00a0cookies\u00a0\u00bb jouent un r\u00f4le tr\u00e8s important en am\u00e9liorant l&rsquo;exp\u00e9rience d&rsquo;utilisation du Web.<\/p>\r\n<p>Comment les \u00ab\u00a0cookies\u00a0\u00bb sont-ils utilis\u00e9s\u00a0?<\/p>\r\n<p>En naviguant sur ce portail Internet, l&rsquo;utilisateur accepte que des \u00ab cookies \u00bb puissent \u00eatre install\u00e9s sur son terminal et qu&rsquo;ils nous permettent de conna\u00eetre les informations suivantes :<\/p>\r\n<p>1 Informations statistiques sur l&rsquo;utilisation du site.<\/p>\r\n<p>2 Le &lsquo;login&rsquo; de l&rsquo;utilisateur pour maintenir la session active sur le Web.<\/p>\r\n<p>3 Le format Web pr\u00e9f\u00e9r\u00e9 pour l&rsquo;acc\u00e8s \u00e0 partir d&rsquo;appareils mobiles.<\/p>\r\n<p>4 Les derni\u00e8res recherches effectu\u00e9es dans les services Web et les donn\u00e9es de personnalisation de ces services.<\/p>\r\n<p>5 Informations sur les publicit\u00e9s affich\u00e9es \u00e0 l&rsquo;utilisateur.<\/p>\r\n<p>6 Informations sur les enqu\u00eates auxquelles l&rsquo;utilisateur a particip\u00e9.<\/p>\r\n<p>7 Donn\u00e9es de connexion aux r\u00e9seaux sociaux pour les utilisateurs qui acc\u00e8dent avec leur utilisateur Facebook ou Twitter.<\/p>\r\n<p>Types de \u00ab\u00a0cookies\u00a0\u00bb utilis\u00e9s<\/p>\r\n<p>Ce site Web utilise \u00e0 la fois des cookies de session temporaires et des cookies permanents. Les \u00ab\u00a0cookies\u00a0\u00bb de session stockent les donn\u00e9es uniquement lorsque l&rsquo;utilisateur acc\u00e8de au Web et les \u00ab\u00a0cookies\u00a0\u00bb permanents stockent les donn\u00e9es dans le terminal afin qu&rsquo;elles soient consult\u00e9es et utilis\u00e9es dans plusieurs sessions.<\/p>\r\n<p>En fonction de la finalit\u00e9 pour laquelle les donn\u00e9es obtenues via les \u00ab cookies \u00bb sont trait\u00e9es, le site Web peut utiliser :<\/p>\r\n<p>Cookies techniques<\/p>\r\n<p>Ce sont ceux qui permettent \u00e0 l&rsquo;utilisateur de naviguer sur le site Web ou l&rsquo;application et d&rsquo;utiliser les diff\u00e9rentes options ou services qui y existent. Par exemple, contr\u00f4ler le trafic et la communication des donn\u00e9es, identifier la session, acc\u00e9der aux parties Web \u00e0 acc\u00e8s restreint, m\u00e9moriser les \u00e9l\u00e9ments qui composent une commande, faire une demande d&rsquo;inscription ou de participation \u00e0 un \u00e9v\u00e9nement, utiliser des \u00e9l\u00e9ments de s\u00e9curit\u00e9 lors de la navigation et stocker des contenus \u00e0 diffuser des vid\u00e9os ou du son.<\/p>\r\n<p>Cookies de personnalisation<\/p>\r\n<p>Ce sont ceux qui permettent \u00e0 l&rsquo;utilisateur d&rsquo;acc\u00e9der au service avec certaines caract\u00e9ristiques g\u00e9n\u00e9rales pr\u00e9d\u00e9finies dans son terminal ou que l&rsquo;utilisateur d\u00e9finit lui-m\u00eame. Par exemple, la langue, le type de navigateur via lequel le service est accessible, la conception du contenu s\u00e9lectionn\u00e9, la g\u00e9olocalisation du terminal et la configuration r\u00e9gionale \u00e0 partir de laquelle le service est accessible.<\/p>\r\n<p>Cookies publicitaires<\/p>\r\n<p>Ce sont ceux qui permettent la gestion efficace des espaces publicitaires qui ont \u00e9t\u00e9 inclus dans la page Web ou l&rsquo;application \u00e0 partir de laquelle le service est fourni. Ils permettent d&rsquo;adapter le contenu de la publicit\u00e9 afin qu&rsquo;il soit pertinent pour l&rsquo;utilisateur et d&rsquo;\u00e9viter de diffuser des publicit\u00e9s que l&rsquo;utilisateur a d\u00e9j\u00e0 vues.<\/p>\r\n<p>Cookies d&rsquo;analyse statistique<\/p>\r\n<p>Ce sont ceux qui permettent le suivi et l&rsquo;analyse du comportement des utilisateurs sur les sites Web. Les informations collect\u00e9es via ce type de cookie sont utilis\u00e9es pour mesurer l&rsquo;activit\u00e9 des sites Web, de l&rsquo;application ou de la plate-forme et pour cr\u00e9er des profils de navigation des utilisateurs desdits sites, afin d&rsquo;apporter des am\u00e9liorations au service en fonction des donn\u00e9es d&rsquo;utilisation effectu\u00e9es par les utilisateurs. .<\/p>\r\n<p>Cookies de communication strat\u00e9gique<\/p>\r\n<p>Ils sont li\u00e9s \u00e0 des services fournis par des tiers, par exemple les fonctions des boutons \u00ab\u00a0J&rsquo;aime\u00a0\u00bb ou \u00ab\u00a0Partager\u00a0\u00bb utilis\u00e9s dans les r\u00e9seaux sociaux pour se connecter aux profils Facebook ou Twitter, etc. Ces Cookies peuvent \u00eatre stock\u00e9s et \u00eatre accessibles \u00e0 des tiers, via les outils utilis\u00e9s.<\/p>\r\n<p>Cookies tiers<\/p>\r\n<p>Sur certaines pages Web, vous pouvez installer des cookies tiers qui vous permettent de g\u00e9rer et d&rsquo;am\u00e9liorer les services propos\u00e9s. Comme par exemple, les services statistiques de Google Analytics et eTracker.<\/p>\r\n<p>Quels cookies tiers utilisons-nous ?<\/p>\r\n<p>Certains cookies sur le site Web sont install\u00e9s par des tiers, ces soci\u00e9t\u00e9s externes (telles que Google ou etracker), traitent les informations et nous fournissent des donn\u00e9es concernant la publicit\u00e9 de nos promotions, etc. A aucun moment, ils ne collectent des informations personnelles permettant d&rsquo;identifier un utilisateur sp\u00e9cifique. Aucun cookie n&rsquo;a une dur\u00e9e de validit\u00e9 sup\u00e9rieure \u00e0 l deux ans.<\/p>\r\n<p>Cookies utilis\u00e9s :<\/p>\r\n<p>Cookies d&rsquo;analyse statistique<br \/>Google Analytics.<\/p>\r\n<p>Vous pouvez obtenir des informations sur la fa\u00e7on de d\u00e9sactiver les cookies tiers dans les liens suivants :<\/p>\r\n<p>&#8211; Google Analytics : https:\/\/tools.google.com\/dlpage\/gaoptout?hl=es<\/p>\r\n<p>Comment g\u00e9rer les cookies dans le navigateur ?<\/p>\r\n<p>L&rsquo;utilisateur a la possibilit\u00e9 d&rsquo;autoriser, de bloquer ou de supprimer les cookies install\u00e9s sur son ordinateur en configurant les options du navigateur install\u00e9 sur son terminal :<\/p>\r\n<p>Pour ajuster les autorisations li\u00e9es aux cookies dans le navigateur Google Chrome :<\/p>\r\n<p>1 Cliquez sur le menu situ\u00e9 sur la barre d&rsquo;outils.<\/p>\r\n<p>2 S\u00e9lectionnez Configuration.<\/p>\r\n<p>3 Cliquez sur Afficher les options avanc\u00e9es.<\/p>\r\n<p>4 Dans la section Confidentialit\u00e9, cliquez sur le bouton Param\u00e8tres de contenu.<\/p>\r\n<p>5 Dans la section Cookies, vous pouvez configurer les options.<\/p>\r\n<p>Plus d&rsquo;informations sur Google Chrome<\/p>\r\n<p>Pour ajuster les autorisations li\u00e9es aux cookies dans le navigateur Mozilla Firefox :<\/p>\r\n<p>1 Dans la partie sup\u00e9rieure de la fen\u00eatre Firefox, cliquez sur le menu Outils.<\/p>\r\n<p>2 S\u00e9lectionnez Options.<\/p>\r\n<p>3 S\u00e9lectionnez le panneau Confidentialit\u00e9.<\/p>\r\n<p>4 Dans l&rsquo;option Firefox, vous pouvez choisir Utiliser une configuration personnalis\u00e9e pour l&rsquo;historique afin de configurer les options.<\/p>\r\n<p>Plus d&rsquo;informations sur Mozilla Firefox<\/p>\r\n<p>Pour ajuster les autorisations li\u00e9es aux cookies dans le navigateur Internet Explorer 9 :<\/p>\r\n<p>1 Dans la partie sup\u00e9rieure de la fen\u00eatre Internet Explorer, cliquez sur le menu Outils.<\/p>\r\n<p>2 S\u00e9lectionnez l&rsquo;onglet S\u00e9curit\u00e9 et utilisez l&rsquo;option Supprimer l&rsquo;historique de navigation pour supprimer les cookies. Cochez la case Cookies puis cliquez sur Supprimer.<\/p>\r\n<p>3 S\u00e9lectionnez l&rsquo;onglet S\u00e9curit\u00e9 et acc\u00e9dez aux Param\u00e8tres. D\u00e9placez le curseur vers le haut pour bloquer tous les cookies ou vers le bas pour autoriser tous les cookies. Apr\u00e8s cela, cliquez sur OK.<\/p>\r\n<p>Plus d&rsquo;informations sur Internet Explorer 9<\/p>\r\n<p>Si vous bloquez l&rsquo;utilisation de cookies dans votre navigateur, certains services ou fonctionnalit\u00e9s du site Web peuvent ne pas \u00eatre disponibles.<\/p>\r\n<p>Dans certains navigateurs, vous pouvez configurer des r\u00e8gles sp\u00e9cifiques pour g\u00e9rer les cookies par site Web, ce qui offre un contr\u00f4le plus pr\u00e9cis de la confidentialit\u00e9. Cela signifie que les cookies peuvent \u00eatre d\u00e9sactiv\u00e9s sur tous les sites, \u00e0 l&rsquo;exception de ceux de confiance.<\/p>\r\n","protected":false},"excerpt":{"rendered":"<p>Ce site Web utilise ses propres \u00ab\u00a0cookies\u00a0\u00bb et ceux de tiers pour vous offrir une meilleure exp\u00e9rience et un meilleur service. En naviguant ou en utilisant nos services, l&rsquo;utilisateur accepte notre utilisation des \u00ab cookies \u00bb. Cependant, l&rsquo;utilisateur a la possibilit\u00e9 d&#8217;emp\u00eacher la g\u00e9n\u00e9ration de \u00ab cookies \u00bb et leur \u00e9limination en s\u00e9lectionnant l&rsquo;option correspondante [&hellip;]<\/p>\n","protected":false},"author":1,"featured_media":0,"parent":0,"menu_order":0,"comment_status":"closed","ping_status":"closed","template":"","meta":{"footnotes":""},"categorias_paginas":[],"class_list":["post-1770","page","type-page","status-publish","hentry"],"yoast_head":"<!-- This site is optimized with the Yoast SEO plugin v27.2 - https:\/\/yoast.com\/product\/yoast-seo-wordpress\/ -->\n<title>POLITIQUE DE COOKIES - m\u00e9todo<\/title>\n<meta name=\"robots\" content=\"index, follow, max-snippet:-1, max-image-preview:large, max-video-preview:-1\" \/>\n<link rel=\"canonical\" href=\"https:\/\/cocinasmetodo.es\/fr\/politique-de-cookies\/\" \/>\n<meta property=\"og:locale\" content=\"fr_FR\" \/>\n<meta property=\"og:type\" content=\"article\" \/>\n<meta property=\"og:title\" content=\"POLITIQUE DE COOKIES - m\u00e9todo\" \/>\n<meta property=\"og:description\" content=\"Ce site Web utilise ses propres \u00ab\u00a0cookies\u00a0\u00bb et ceux de tiers pour vous offrir une meilleure exp\u00e9rience et un meilleur service. En naviguant ou en utilisant nos services, l&rsquo;utilisateur accepte notre utilisation des \u00ab cookies \u00bb. Cependant, l&rsquo;utilisateur a la possibilit\u00e9 d&#8217;emp\u00eacher la g\u00e9n\u00e9ration de \u00ab cookies \u00bb et leur \u00e9limination en s\u00e9lectionnant l&rsquo;option correspondante [&hellip;]\" \/>\n<meta property=\"og:url\" content=\"https:\/\/cocinasmetodo.es\/fr\/politique-de-cookies\/\" \/>\n<meta property=\"og:site_name\" content=\"m\u00e9todo\" \/>\n<meta property=\"article:modified_time\" content=\"2021-11-05T12:50:45+00:00\" \/>\n<meta name=\"twitter:card\" content=\"summary_large_image\" \/>\n<meta name=\"twitter:label1\" content=\"Dur\u00e9e de lecture estim\u00e9e\" \/>\n\t<meta name=\"twitter:data1\" content=\"6 minutes\" \/>\n<script type=\"application\/ld+json\" class=\"yoast-schema-graph\">{\"@context\":\"https:\/\/schema.org\",\"@graph\":[{\"@type\":\"WebPage\",\"@id\":\"https:\/\/cocinasmetodo.es\/fr\/politique-de-cookies\/\",\"url\":\"https:\/\/cocinasmetodo.es\/fr\/politique-de-cookies\/\",\"name\":\"POLITIQUE DE COOKIES - m\u00e9todo\",\"isPartOf\":{\"@id\":\"https:\/\/cocinasmetodo.es\/#website\"},\"datePublished\":\"2021-05-20T11:28:14+00:00\",\"dateModified\":\"2021-11-05T12:50:45+00:00\",\"breadcrumb\":{\"@id\":\"https:\/\/cocinasmetodo.es\/fr\/politique-de-cookies\/#breadcrumb\"},\"inLanguage\":\"fr-FR\",\"potentialAction\":[{\"@type\":\"ReadAction\",\"target\":[\"https:\/\/cocinasmetodo.es\/fr\/politique-de-cookies\/\"]}]},{\"@type\":\"BreadcrumbList\",\"@id\":\"https:\/\/cocinasmetodo.es\/fr\/politique-de-cookies\/#breadcrumb\",\"itemListElement\":[{\"@type\":\"ListItem\",\"position\":1,\"name\":\"Portada\",\"item\":\"https:\/\/cocinasmetodo.es\/fr\/\"},{\"@type\":\"ListItem\",\"position\":2,\"name\":\"POLITIQUE DE COOKIES\"}]},{\"@type\":\"WebSite\",\"@id\":\"https:\/\/cocinasmetodo.es\/#website\",\"url\":\"https:\/\/cocinasmetodo.es\/\",\"name\":\"m\u00e9todo\",\"description\":\"Daily Kitchens\",\"publisher\":{\"@id\":\"https:\/\/cocinasmetodo.es\/#organization\"},\"potentialAction\":[{\"@type\":\"SearchAction\",\"target\":{\"@type\":\"EntryPoint\",\"urlTemplate\":\"https:\/\/cocinasmetodo.es\/?s={search_term_string}\"},\"query-input\":{\"@type\":\"PropertyValueSpecification\",\"valueRequired\":true,\"valueName\":\"search_term_string\"}}],\"inLanguage\":\"fr-FR\"},{\"@type\":\"Organization\",\"@id\":\"https:\/\/cocinasmetodo.es\/#organization\",\"name\":\"m\u00e9todo\",\"url\":\"https:\/\/cocinasmetodo.es\/\",\"logo\":{\"@type\":\"ImageObject\",\"inLanguage\":\"fr-FR\",\"@id\":\"https:\/\/cocinasmetodo.es\/#\/schema\/logo\/image\/\",\"url\":\"https:\/\/cocinasmetodo.es\/wp-content\/uploads\/2021\/05\/logoweb.png\",\"contentUrl\":\"https:\/\/cocinasmetodo.es\/wp-content\/uploads\/2021\/05\/logoweb.png\",\"width\":1000,\"height\":528,\"caption\":\"m\u00e9todo\"},\"image\":{\"@id\":\"https:\/\/cocinasmetodo.es\/#\/schema\/logo\/image\/\"}}]}<\/script>\n<!-- \/ Yoast SEO plugin. -->","yoast_head_json":{"title":"POLITIQUE DE COOKIES - m\u00e9todo","robots":{"index":"index","follow":"follow","max-snippet":"max-snippet:-1","max-image-preview":"max-image-preview:large","max-video-preview":"max-video-preview:-1"},"canonical":"https:\/\/cocinasmetodo.es\/fr\/politique-de-cookies\/","og_locale":"fr_FR","og_type":"article","og_title":"POLITIQUE DE COOKIES - m\u00e9todo","og_description":"Ce site Web utilise ses propres \u00ab\u00a0cookies\u00a0\u00bb et ceux de tiers pour vous offrir une meilleure exp\u00e9rience et un meilleur service. En naviguant ou en utilisant nos services, l&rsquo;utilisateur accepte notre utilisation des \u00ab cookies \u00bb. Cependant, l&rsquo;utilisateur a la possibilit\u00e9 d&#8217;emp\u00eacher la g\u00e9n\u00e9ration de \u00ab cookies \u00bb et leur \u00e9limination en s\u00e9lectionnant l&rsquo;option correspondante [&hellip;]","og_url":"https:\/\/cocinasmetodo.es\/fr\/politique-de-cookies\/","og_site_name":"m\u00e9todo","article_modified_time":"2021-11-05T12:50:45+00:00","twitter_card":"summary_large_image","twitter_misc":{"Dur\u00e9e de lecture estim\u00e9e":"6 minutes"},"schema":{"@context":"https:\/\/schema.org","@graph":[{"@type":"WebPage","@id":"https:\/\/cocinasmetodo.es\/fr\/politique-de-cookies\/","url":"https:\/\/cocinasmetodo.es\/fr\/politique-de-cookies\/","name":"POLITIQUE DE COOKIES - m\u00e9todo","isPartOf":{"@id":"https:\/\/cocinasmetodo.es\/#website"},"datePublished":"2021-05-20T11:28:14+00:00","dateModified":"2021-11-05T12:50:45+00:00","breadcrumb":{"@id":"https:\/\/cocinasmetodo.es\/fr\/politique-de-cookies\/#breadcrumb"},"inLanguage":"fr-FR","potentialAction":[{"@type":"ReadAction","target":["https:\/\/cocinasmetodo.es\/fr\/politique-de-cookies\/"]}]},{"@type":"BreadcrumbList","@id":"https:\/\/cocinasmetodo.es\/fr\/politique-de-cookies\/#breadcrumb","itemListElement":[{"@type":"ListItem","position":1,"name":"Portada","item":"https:\/\/cocinasmetodo.es\/fr\/"},{"@type":"ListItem","position":2,"name":"POLITIQUE DE COOKIES"}]},{"@type":"WebSite","@id":"https:\/\/cocinasmetodo.es\/#website","url":"https:\/\/cocinasmetodo.es\/","name":"m\u00e9todo","description":"Daily Kitchens","publisher":{"@id":"https:\/\/cocinasmetodo.es\/#organization"},"potentialAction":[{"@type":"SearchAction","target":{"@type":"EntryPoint","urlTemplate":"https:\/\/cocinasmetodo.es\/?s={search_term_string}"},"query-input":{"@type":"PropertyValueSpecification","valueRequired":true,"valueName":"search_term_string"}}],"inLanguage":"fr-FR"},{"@type":"Organization","@id":"https:\/\/cocinasmetodo.es\/#organization","name":"m\u00e9todo","url":"https:\/\/cocinasmetodo.es\/","logo":{"@type":"ImageObject","inLanguage":"fr-FR","@id":"https:\/\/cocinasmetodo.es\/#\/schema\/logo\/image\/","url":"https:\/\/cocinasmetodo.es\/wp-content\/uploads\/2021\/05\/logoweb.png","contentUrl":"https:\/\/cocinasmetodo.es\/wp-content\/uploads\/2021\/05\/logoweb.png","width":1000,"height":528,"caption":"m\u00e9todo"},"image":{"@id":"https:\/\/cocinasmetodo.es\/#\/schema\/logo\/image\/"}}]}},"_links":{"self":[{"href":"https:\/\/cocinasmetodo.es\/fr\/wp-json\/wp\/v2\/pages\/1770","targetHints":{"allow":["GET"]}}],"collection":[{"href":"https:\/\/cocinasmetodo.es\/fr\/wp-json\/wp\/v2\/pages"}],"about":[{"href":"https:\/\/cocinasmetodo.es\/fr\/wp-json\/wp\/v2\/types\/page"}],"author":[{"embeddable":true,"href":"https:\/\/cocinasmetodo.es\/fr\/wp-json\/wp\/v2\/users\/1"}],"replies":[{"embeddable":true,"href":"https:\/\/cocinasmetodo.es\/fr\/wp-json\/wp\/v2\/comments?post=1770"}],"version-history":[{"count":3,"href":"https:\/\/cocinasmetodo.es\/fr\/wp-json\/wp\/v2\/pages\/1770\/revisions"}],"predecessor-version":[{"id":1775,"href":"https:\/\/cocinasmetodo.es\/fr\/wp-json\/wp\/v2\/pages\/1770\/revisions\/1775"}],"wp:attachment":[{"href":"https:\/\/cocinasmetodo.es\/fr\/wp-json\/wp\/v2\/media?parent=1770"}],"wp:term":[{"taxonomy":"categorias_paginas","embeddable":true,"href":"https:\/\/cocinasmetodo.es\/fr\/wp-json\/wp\/v2\/categorias_paginas?post=1770"}],"curies":[{"name":"wp","href":"https:\/\/api.w.org\/{rel}","templated":true}]}}